{"id":249,"date":"2021-04-06T15:41:32","date_gmt":"2021-04-06T15:41:32","guid":{"rendered":"http:\/\/lenta-gym.com\/?page_id=249"},"modified":"2021-06-19T11:38:38","modified_gmt":"2021-06-19T11:38:38","slug":"o-nama","status":"publish","type":"page","link":"https:\/\/lenta-gym.com\/index.php\/o-nama\/","title":{"rendered":"O nama"},"content":{"rendered":"\t\t<div data-elementor-type=\"wp-page\" data-elementor-id=\"249\" class=\"elementor elementor-249\" data-elementor-post-type=\"page\">\n\t\t\t\t\t\t<section class=\"elementor-section elementor-top-section elementor-element elementor-element-6f48808a elementor-section-content-middle elementor-section-height-min-height elementor-section-boxed elementor-section-height-default elementor-section-items-middle\" data-id=\"6f48808a\" data-element_type=\"section\" data-settings=\"{&quot;background_background&quot;:&quot;classic&quot;,&quot;_ha_eqh_enable&quot;:false}\">\n\t\t\t\t\t\t\t<div class=\"elementor-background-overlay\"><\/div>\n\t\t\t\t\t\t\t<div class=\"elementor-container elementor-column-gap-default\">\n\t\t\t\t\t<div class=\"elementor-column elementor-col-100 elementor-top-column elementor-element elementor-element-6508bf1\" data-id=\"6508bf1\" data-element_type=\"column\">\n\t\t\t<div class=\"elementor-widget-wrap elementor-element-populated\">\n\t\t\t\t\t\t<div class=\"elementor-element elementor-element-6f9c59c elementor-widget elementor-widget-heading\" data-id=\"6f9c59c\" data-element_type=\"widget\" data-widget_type=\"heading.default\">\n\t\t\t\t<div class=\"elementor-widget-container\">\n\t\t\t\t\t<h2 class=\"elementor-heading-title elementor-size-default\">Lenta GYM<\/h2>\t\t\t\t<\/div>\n\t\t\t\t<\/div>\n\t\t\t\t\t<\/div>\n\t\t<\/div>\n\t\t\t\t\t<\/div>\n\t\t<\/section>\n\t\t\t\t<section class=\"elementor-section elementor-top-section elementor-element elementor-element-3c425678 elementor-section-content-middle elementor-section-boxed elementor-section-height-default elementor-section-height-default\" data-id=\"3c425678\" data-element_type=\"section\" data-settings=\"{&quot;background_background&quot;:&quot;classic&quot;,&quot;_ha_eqh_enable&quot;:false}\">\n\t\t\t\t\t\t<div class=\"elementor-container elementor-column-gap-default\">\n\t\t\t\t\t<div class=\"elementor-column elementor-col-50 elementor-top-column elementor-element elementor-element-436e33c2\" data-id=\"436e33c2\" data-element_type=\"column\">\n\t\t\t<div class=\"elementor-widget-wrap elementor-element-populated\">\n\t\t\t\t\t\t<div class=\"elementor-element elementor-element-4e2b2c18 elementor-widget elementor-widget-heading\" data-id=\"4e2b2c18\" data-element_type=\"widget\" data-widget_type=\"heading.default\">\n\t\t\t\t<div class=\"elementor-widget-container\">\n\t\t\t\t\t<h2 class=\"elementor-heading-title elementor-size-default\">O nama<\/h2>\t\t\t\t<\/div>\n\t\t\t\t<\/div>\n\t\t\t\t<div class=\"elementor-element elementor-element-7ffe0f33 elementor-widget elementor-widget-heading\" data-id=\"7ffe0f33\" data-element_type=\"widget\" data-widget_type=\"heading.default\">\n\t\t\t\t<div class=\"elementor-widget-container\">\n\t\t\t\t\t<h2 class=\"elementor-heading-title elementor-size-default\">DOBRO DO\u0160LI<\/h2>\t\t\t\t<\/div>\n\t\t\t\t<\/div>\n\t\t\t\t<div class=\"elementor-element elementor-element-67b7c75c elementor-widget elementor-widget-text-editor\" data-id=\"67b7c75c\" data-element_type=\"widget\" data-widget_type=\"text-editor.default\">\n\t\t\t\t<div class=\"elementor-widget-container\">\n\t\t\t\t\t\t\t\t\t<p>Izgradi tijelo kakvo \u017eeli\u0161 u teretani koju voli\u0161!<\/p>\t\t\t\t\t\t\t\t<\/div>\n\t\t\t\t<\/div>\n\t\t\t\t<div class=\"elementor-element elementor-element-51f39306 elementor-widget elementor-widget-text-editor\" data-id=\"51f39306\" data-element_type=\"widget\" data-widget_type=\"text-editor.default\">\n\t\t\t\t<div class=\"elementor-widget-container\">\n\t\t\t\t\t\t\t\t\t<p>Lenta Gym, prostor od 500 m2, jedan je od najve\u0107ih i najopremljenijih fitness centara u Slavoniji. Opremljen je \u0161irokim asortimanom sprava i ma\u0161ina najpoznatijih fitness brandova koji vam omogu\u0107avaju besprijekoran trening. U Lenta GYM-u mo\u017eete se susresti, ne samo opremom visoke kvalitete, nego i vedrim, nasmijanim, pristupa\u010dnim i educiranim osobljem koji vam stoji na raspolaganju tijekom va\u0161eg puta ka ostvarenju cilja.<\/p>\t\t\t\t\t\t\t\t<\/div>\n\t\t\t\t<\/div>\n\t\t\t\t<div class=\"elementor-element elementor-element-2c1a77d6 elementor-mobile-align-center elementor-icon-list--layout-traditional elementor-list-item-link-full_width elementor-widget elementor-widget-icon-list\" data-id=\"2c1a77d6\" data-element_type=\"widget\" data-widget_type=\"icon-list.default\">\n\t\t\t\t<div class=\"elementor-widget-container\">\n\t\t\t\t\t\t\t<ul class=\"elementor-icon-list-items\">\n\t\t\t\t\t\t\t<li class=\"elementor-icon-list-item\">\n\t\t\t\t\t\t\t\t\t\t\t<span class=\"elementor-icon-list-icon\">\n\t\t\t\t\t\t\t<i aria-hidden=\"true\" class=\"fas fa-check-circle\"><\/i>\t\t\t\t\t\t<\/span>\n\t\t\t\t\t\t\t\t\t\t<span class=\"elementor-icon-list-text\">Stru\u010dno osoblje<\/span>\n\t\t\t\t\t\t\t\t\t<\/li>\n\t\t\t\t\t\t\t\t<li class=\"elementor-icon-list-item\">\n\t\t\t\t\t\t\t\t\t\t\t<span class=\"elementor-icon-list-icon\">\n\t\t\t\t\t\t\t<i aria-hidden=\"true\" class=\"fas fa-check-circle\"><\/i>\t\t\t\t\t\t<\/span>\n\t\t\t\t\t\t\t\t\t\t<span class=\"elementor-icon-list-text\">Ugodna atmosfera<\/span>\n\t\t\t\t\t\t\t\t\t<\/li>\n\t\t\t\t\t\t\t\t<li class=\"elementor-icon-list-item\">\n\t\t\t\t\t\t\t\t\t\t\t<span class=\"elementor-icon-list-icon\">\n\t\t\t\t\t\t\t<i aria-hidden=\"true\" class=\"fas fa-check-circle\"><\/i>\t\t\t\t\t\t<\/span>\n\t\t\t\t\t\t\t\t\t\t<span class=\"elementor-icon-list-text\">Maksimalna opremljenost<\/span>\n\t\t\t\t\t\t\t\t\t<\/li>\n\t\t\t\t\t\t\t\t<li class=\"elementor-icon-list-item\">\n\t\t\t\t\t\t\t\t\t\t\t<span class=\"elementor-icon-list-icon\">\n\t\t\t\t\t\t\t<i aria-hidden=\"true\" class=\"fas fa-check-circle\"><\/i>\t\t\t\t\t\t<\/span>\n\t\t\t\t\t\t\t\t\t\t<span class=\"elementor-icon-list-text\">Oprema za borila\u010dke sportove<\/span>\n\t\t\t\t\t\t\t\t\t<\/li>\n\t\t\t\t\t\t<\/ul>\n\t\t\t\t\t\t<\/div>\n\t\t\t\t<\/div>\n\t\t\t\t\t<\/div>\n\t\t<\/div>\n\t\t\t\t<div class=\"elementor-column elementor-col-50 elementor-top-column elementor-element elementor-element-4c9c17bd\" data-id=\"4c9c17bd\" data-element_type=\"column\">\n\t\t\t<div class=\"elementor-widget-wrap elementor-element-populated\">\n\t\t\t\t\t\t<div class=\"elementor-element elementor-element-33fcc27 elementor-widget elementor-widget-image\" data-id=\"33fcc27\" data-element_type=\"widget\" data-widget_type=\"image.default\">\n\t\t\t\t<div class=\"elementor-widget-container\">\n\t\t\t\t\t\t\t\t\t\t\t\t\t\t\t<img fetchpriority=\"high\" decoding=\"async\" width=\"2000\" height=\"1333\" src=\"https:\/\/lenta-gym.com\/wp-content\/uploads\/2021\/04\/Dizajn-bez-naslova-89.jpg\" class=\"attachment-full size-full wp-image-473\" alt=\"\" srcset=\"https:\/\/lenta-gym.com\/wp-content\/uploads\/2021\/04\/Dizajn-bez-naslova-89.jpg 2000w, https:\/\/lenta-gym.com\/wp-content\/uploads\/2021\/04\/Dizajn-bez-naslova-89-300x200.jpg 300w, https:\/\/lenta-gym.com\/wp-content\/uploads\/2021\/04\/Dizajn-bez-naslova-89-1024x682.jpg 1024w, https:\/\/lenta-gym.com\/wp-content\/uploads\/2021\/04\/Dizajn-bez-naslova-89-768x512.jpg 768w, https:\/\/lenta-gym.com\/wp-content\/uploads\/2021\/04\/Dizajn-bez-naslova-89-1536x1024.jpg 1536w\" sizes=\"(max-width: 2000px) 100vw, 2000px\" \/>\t\t\t\t\t\t\t\t\t\t\t\t\t\t\t<\/div>\n\t\t\t\t<\/div>\n\t\t\t\t<section class=\"elementor-section elementor-inner-section elementor-element elementor-element-1d340aea elementor-hidden-phone elementor-section-boxed elementor-section-height-default elementor-section-height-default\" data-id=\"1d340aea\" data-element_type=\"section\" data-settings=\"{&quot;_ha_eqh_enable&quot;:false}\">\n\t\t\t\t\t\t<div class=\"elementor-container elementor-column-gap-no\">\n\t\t\t\t\t<div class=\"elementor-column elementor-col-33 elementor-inner-column elementor-element elementor-element-3a1c6a68\" data-id=\"3a1c6a68\" data-element_type=\"column\">\n\t\t\t<div class=\"elementor-widget-wrap elementor-element-populated\">\n\t\t\t\t\t\t<div class=\"elementor-element elementor-element-c47a52f elementor-widget elementor-widget-image\" data-id=\"c47a52f\" data-element_type=\"widget\" data-widget_type=\"image.default\">\n\t\t\t\t<div class=\"elementor-widget-container\">\n\t\t\t\t\t\t\t\t\t\t\t\t\t\t\t\t<a href=\"http:\/\/lenta-gym.com\/wp-content\/uploads\/2021\/04\/cardio-lenta-gym.jpg\" data-elementor-open-lightbox=\"yes\" data-elementor-lightbox-title=\"cardio-lenta-gym\" data-e-action-hash=\"#elementor-action%3Aaction%3Dlightbox%26settings%3DeyJpZCI6MjgyLCJ1cmwiOiJodHRwczpcL1wvbGVudGEtZ3ltLmNvbVwvd3AtY29udGVudFwvdXBsb2Fkc1wvMjAyMVwvMDRcL2NhcmRpby1sZW50YS1neW0uanBnIn0%3D\">\n\t\t\t\t\t\t\t<img decoding=\"async\" width=\"2000\" height=\"1333\" src=\"https:\/\/lenta-gym.com\/wp-content\/uploads\/2021\/04\/cardio-lenta-gym.jpg\" class=\"attachment-full size-full wp-image-282\" alt=\"\" srcset=\"https:\/\/lenta-gym.com\/wp-content\/uploads\/2021\/04\/cardio-lenta-gym.jpg 2000w, https:\/\/lenta-gym.com\/wp-content\/uploads\/2021\/04\/cardio-lenta-gym-300x200.jpg 300w, https:\/\/lenta-gym.com\/wp-content\/uploads\/2021\/04\/cardio-lenta-gym-1024x682.jpg 1024w, https:\/\/lenta-gym.com\/wp-content\/uploads\/2021\/04\/cardio-lenta-gym-768x512.jpg 768w, https:\/\/lenta-gym.com\/wp-content\/uploads\/2021\/04\/cardio-lenta-gym-1536x1024.jpg 1536w\" sizes=\"(max-width: 2000px) 100vw, 2000px\" \/>\t\t\t\t\t\t\t\t<\/a>\n\t\t\t\t\t\t\t\t\t\t\t\t\t\t\t<\/div>\n\t\t\t\t<\/div>\n\t\t\t\t\t<\/div>\n\t\t<\/div>\n\t\t\t\t<div class=\"elementor-column elementor-col-33 elementor-inner-column elementor-element elementor-element-b434f99\" data-id=\"b434f99\" data-element_type=\"column\">\n\t\t\t<div class=\"elementor-widget-wrap elementor-element-populated\">\n\t\t\t\t\t\t<div class=\"elementor-element elementor-element-2364c626 elementor-widget elementor-widget-image\" data-id=\"2364c626\" data-element_type=\"widget\" data-widget_type=\"image.default\">\n\t\t\t\t<div class=\"elementor-widget-container\">\n\t\t\t\t\t\t\t\t\t\t\t\t\t\t\t\t<a href=\"http:\/\/lenta-gym.com\/wp-content\/uploads\/2021\/04\/lenta-gym-konopci.jpg\" data-elementor-open-lightbox=\"yes\" data-elementor-lightbox-title=\"lenta-gym-konopci\" data-e-action-hash=\"#elementor-action%3Aaction%3Dlightbox%26settings%3DeyJpZCI6MjgzLCJ1cmwiOiJodHRwczpcL1wvbGVudGEtZ3ltLmNvbVwvd3AtY29udGVudFwvdXBsb2Fkc1wvMjAyMVwvMDRcL2xlbnRhLWd5bS1rb25vcGNpLmpwZyJ9\">\n\t\t\t\t\t\t\t<img decoding=\"async\" width=\"2000\" height=\"1333\" src=\"https:\/\/lenta-gym.com\/wp-content\/uploads\/2021\/04\/lenta-gym-konopci.jpg\" class=\"attachment-full size-full wp-image-283\" alt=\"\" srcset=\"https:\/\/lenta-gym.com\/wp-content\/uploads\/2021\/04\/lenta-gym-konopci.jpg 2000w, https:\/\/lenta-gym.com\/wp-content\/uploads\/2021\/04\/lenta-gym-konopci-300x200.jpg 300w, https:\/\/lenta-gym.com\/wp-content\/uploads\/2021\/04\/lenta-gym-konopci-1024x682.jpg 1024w, https:\/\/lenta-gym.com\/wp-content\/uploads\/2021\/04\/lenta-gym-konopci-768x512.jpg 768w, https:\/\/lenta-gym.com\/wp-content\/uploads\/2021\/04\/lenta-gym-konopci-1536x1024.jpg 1536w\" sizes=\"(max-width: 2000px) 100vw, 2000px\" \/>\t\t\t\t\t\t\t\t<\/a>\n\t\t\t\t\t\t\t\t\t\t\t\t\t\t\t<\/div>\n\t\t\t\t<\/div>\n\t\t\t\t\t<\/div>\n\t\t<\/div>\n\t\t\t\t<div class=\"elementor-column elementor-col-33 elementor-inner-column elementor-element elementor-element-57e416c4\" data-id=\"57e416c4\" data-element_type=\"column\">\n\t\t\t<div class=\"elementor-widget-wrap elementor-element-populated\">\n\t\t\t\t\t\t<div class=\"elementor-element elementor-element-c409b89 elementor-widget elementor-widget-image\" data-id=\"c409b89\" data-element_type=\"widget\" data-widget_type=\"image.default\">\n\t\t\t\t<div class=\"elementor-widget-container\">\n\t\t\t\t\t\t\t\t\t\t\t\t\t\t\t\t<a href=\"http:\/\/lenta-gym.com\/wp-content\/uploads\/2021\/04\/lenta-gym-bucice40.jpg\" data-elementor-open-lightbox=\"yes\" data-elementor-lightbox-title=\"lenta-gym-bucice40\" data-e-action-hash=\"#elementor-action%3Aaction%3Dlightbox%26settings%3DeyJpZCI6Mjg0LCJ1cmwiOiJodHRwczpcL1wvbGVudGEtZ3ltLmNvbVwvd3AtY29udGVudFwvdXBsb2Fkc1wvMjAyMVwvMDRcL2xlbnRhLWd5bS1idWNpY2U0MC5qcGcifQ%3D%3D\">\n\t\t\t\t\t\t\t<img loading=\"lazy\" decoding=\"async\" width=\"2000\" height=\"1333\" src=\"https:\/\/lenta-gym.com\/wp-content\/uploads\/2021\/04\/lenta-gym-bucice40.jpg\" class=\"attachment-full size-full wp-image-284\" alt=\"\" srcset=\"https:\/\/lenta-gym.com\/wp-content\/uploads\/2021\/04\/lenta-gym-bucice40.jpg 2000w, https:\/\/lenta-gym.com\/wp-content\/uploads\/2021\/04\/lenta-gym-bucice40-300x200.jpg 300w, https:\/\/lenta-gym.com\/wp-content\/uploads\/2021\/04\/lenta-gym-bucice40-1024x682.jpg 1024w, https:\/\/lenta-gym.com\/wp-content\/uploads\/2021\/04\/lenta-gym-bucice40-768x512.jpg 768w, https:\/\/lenta-gym.com\/wp-content\/uploads\/2021\/04\/lenta-gym-bucice40-1536x1024.jpg 1536w\" sizes=\"(max-width: 2000px) 100vw, 2000px\" \/>\t\t\t\t\t\t\t\t<\/a>\n\t\t\t\t\t\t\t\t\t\t\t\t\t\t\t<\/div>\n\t\t\t\t<\/div>\n\t\t\t\t\t<\/div>\n\t\t<\/div>\n\t\t\t\t\t<\/div>\n\t\t<\/section>\n\t\t\t\t\t<\/div>\n\t\t<\/div>\n\t\t\t\t\t<\/div>\n\t\t<\/section>\n\t\t\t\t<section class=\"elementor-section elementor-top-section elementor-element elementor-element-229cc293 elementor-section-full_width elementor-section-height-default elementor-section-height-default\" data-id=\"229cc293\" data-element_type=\"section\" data-settings=\"{&quot;background_background&quot;:&quot;classic&quot;,&quot;_ha_eqh_enable&quot;:false}\">\n\t\t\t\t\t\t\t<div class=\"elementor-background-overlay\"><\/div>\n\t\t\t\t\t\t\t<div class=\"elementor-container elementor-column-gap-default\">\n\t\t\t\t\t<div class=\"elementor-column elementor-col-25 elementor-top-column elementor-element elementor-element-60a5be9c\" data-id=\"60a5be9c\" data-element_type=\"column\">\n\t\t\t<div class=\"elementor-widget-wrap\">\n\t\t\t\t\t\t\t<\/div>\n\t\t<\/div>\n\t\t\t\t<div class=\"elementor-column elementor-col-25 elementor-top-column elementor-element elementor-element-33798a1c\" data-id=\"33798a1c\" data-element_type=\"column\">\n\t\t\t<div class=\"elementor-widget-wrap\">\n\t\t\t\t\t\t\t<\/div>\n\t\t<\/div>\n\t\t\t\t<div class=\"elementor-column elementor-col-25 elementor-top-column elementor-element elementor-element-3f2f76df\" data-id=\"3f2f76df\" data-element_type=\"column\">\n\t\t\t<div class=\"elementor-widget-wrap\">\n\t\t\t\t\t\t\t<\/div>\n\t\t<\/div>\n\t\t\t\t<div class=\"elementor-column elementor-col-25 elementor-top-column elementor-element elementor-element-69b294a3\" data-id=\"69b294a3\" data-element_type=\"column\">\n\t\t\t<div class=\"elementor-widget-wrap\">\n\t\t\t\t\t\t\t<\/div>\n\t\t<\/div>\n\t\t\t\t\t<\/div>\n\t\t<\/section>\n\t\t\t\t<\/div>\n\t\t","protected":false},"excerpt":{"rendered":"<p>Lenta GYM O NAMA O nama DOBRO DO\u0160LI Izgradi tijelo kakvo \u017eeli\u0161 u teretani koju voli\u0161! Lenta Gym, prostor od 500 m2, jedan je od najve\u0107ih i najopremljenijih fitness centara u Slavoniji. Opremljen je \u0161irokim asortimanom sprava i ma\u0161ina najpoznatijih fitness brandova koji vam omogu\u0107avaju besprijekoran trening. U Lenta GYM-u mo\u017eete se susresti, ne samo [&hellip;]<\/p>\n","protected":false},"author":1,"featured_media":0,"parent":0,"menu_order":0,"comment_status":"closed","ping_status":"closed","template":"","meta":{"footnotes":""},"class_list":["post-249","page","type-page","status-publish","hentry"],"yoast_head":"<!-- This site is optimized with the Yoast SEO plugin v21.2 - https:\/\/yoast.com\/wordpress\/plugins\/seo\/ -->\n<title>O nama - Lenta Gym<\/title>\n<meta name=\"robots\" content=\"index, follow, max-snippet:-1, max-image-preview:large, max-video-preview:-1\" \/>\n<link rel=\"canonical\" href=\"https:\/\/lenta-gym.com\/index.php\/o-nama\/\" \/>\n<meta property=\"og:locale\" content=\"en_US\" \/>\n<meta property=\"og:type\" content=\"article\" \/>\n<meta property=\"og:title\" content=\"O nama - Lenta Gym\" \/>\n<meta property=\"og:description\" content=\"Lenta GYM O NAMA O nama DOBRO DO\u0160LI Izgradi tijelo kakvo \u017eeli\u0161 u teretani koju voli\u0161! Lenta Gym, prostor od 500 m2, jedan je od najve\u0107ih i najopremljenijih fitness centara u Slavoniji. Opremljen je \u0161irokim asortimanom sprava i ma\u0161ina najpoznatijih fitness brandova koji vam omogu\u0107avaju besprijekoran trening. U Lenta GYM-u mo\u017eete se susresti, ne samo [&hellip;]\" \/>\n<meta property=\"og:url\" content=\"https:\/\/lenta-gym.com\/index.php\/o-nama\/\" \/>\n<meta property=\"og:site_name\" content=\"Lenta Gym\" \/>\n<meta property=\"article:modified_time\" content=\"2021-06-19T11:38:38+00:00\" \/>\n<meta property=\"og:image\" content=\"http:\/\/lenta-gym.com\/wp-content\/uploads\/2021\/04\/Dizajn-bez-naslova-89.jpg\" \/>\n<meta name=\"twitter:card\" content=\"summary_large_image\" \/>\n<meta name=\"twitter:label1\" content=\"Est. reading time\" \/>\n\t<meta name=\"twitter:data1\" content=\"2 minutes\" \/>\n<script type=\"application\/ld+json\" class=\"yoast-schema-graph\">{\"@context\":\"https:\/\/schema.org\",\"@graph\":[{\"@type\":\"WebPage\",\"@id\":\"https:\/\/lenta-gym.com\/index.php\/o-nama\/\",\"url\":\"https:\/\/lenta-gym.com\/index.php\/o-nama\/\",\"name\":\"O nama - Lenta Gym\",\"isPartOf\":{\"@id\":\"https:\/\/lenta-gym.com\/#website\"},\"datePublished\":\"2021-04-06T15:41:32+00:00\",\"dateModified\":\"2021-06-19T11:38:38+00:00\",\"breadcrumb\":{\"@id\":\"https:\/\/lenta-gym.com\/index.php\/o-nama\/#breadcrumb\"},\"inLanguage\":\"en-US\",\"potentialAction\":[{\"@type\":\"ReadAction\",\"target\":[\"https:\/\/lenta-gym.com\/index.php\/o-nama\/\"]}]},{\"@type\":\"BreadcrumbList\",\"@id\":\"https:\/\/lenta-gym.com\/index.php\/o-nama\/#breadcrumb\",\"itemListElement\":[{\"@type\":\"ListItem\",\"position\":1,\"name\":\"Home\",\"item\":\"https:\/\/lenta-gym.com\/\"},{\"@type\":\"ListItem\",\"position\":2,\"name\":\"O nama\"}]},{\"@type\":\"WebSite\",\"@id\":\"https:\/\/lenta-gym.com\/#website\",\"url\":\"https:\/\/lenta-gym.com\/\",\"name\":\"Lenta Gym\",\"description\":\"Fitness centar\",\"publisher\":{\"@id\":\"https:\/\/lenta-gym.com\/#organization\"},\"potentialAction\":[{\"@type\":\"SearchAction\",\"target\":{\"@type\":\"EntryPoint\",\"urlTemplate\":\"https:\/\/lenta-gym.com\/?s={search_term_string}\"},\"query-input\":\"required name=search_term_string\"}],\"inLanguage\":\"en-US\"},{\"@type\":\"Organization\",\"@id\":\"https:\/\/lenta-gym.com\/#organization\",\"name\":\"Lenta Gym\",\"url\":\"https:\/\/lenta-gym.com\/\",\"logo\":{\"@type\":\"ImageObject\",\"inLanguage\":\"en-US\",\"@id\":\"https:\/\/lenta-gym.com\/#\/schema\/logo\/image\/\",\"url\":\"https:\/\/lenta-gym.com\/wp-content\/uploads\/2021\/03\/cropped-logo-lenta-crta-1.png\",\"contentUrl\":\"https:\/\/lenta-gym.com\/wp-content\/uploads\/2021\/03\/cropped-logo-lenta-crta-1.png\",\"width\":900,\"height\":258,\"caption\":\"Lenta Gym\"},\"image\":{\"@id\":\"https:\/\/lenta-gym.com\/#\/schema\/logo\/image\/\"}}]}<\/script>\n<!-- \/ Yoast SEO plugin. -->","yoast_head_json":{"title":"O nama - Lenta Gym","robots":{"index":"index","follow":"follow","max-snippet":"max-snippet:-1","max-image-preview":"max-image-preview:large","max-video-preview":"max-video-preview:-1"},"canonical":"https:\/\/lenta-gym.com\/index.php\/o-nama\/","og_locale":"en_US","og_type":"article","og_title":"O nama - Lenta Gym","og_description":"Lenta GYM O NAMA O nama DOBRO DO\u0160LI Izgradi tijelo kakvo \u017eeli\u0161 u teretani koju voli\u0161! Lenta Gym, prostor od 500 m2, jedan je od najve\u0107ih i najopremljenijih fitness centara u Slavoniji. Opremljen je \u0161irokim asortimanom sprava i ma\u0161ina najpoznatijih fitness brandova koji vam omogu\u0107avaju besprijekoran trening. U Lenta GYM-u mo\u017eete se susresti, ne samo [&hellip;]","og_url":"https:\/\/lenta-gym.com\/index.php\/o-nama\/","og_site_name":"Lenta Gym","article_modified_time":"2021-06-19T11:38:38+00:00","og_image":[{"url":"http:\/\/lenta-gym.com\/wp-content\/uploads\/2021\/04\/Dizajn-bez-naslova-89.jpg"}],"twitter_card":"summary_large_image","twitter_misc":{"Est. reading time":"2 minutes"},"schema":{"@context":"https:\/\/schema.org","@graph":[{"@type":"WebPage","@id":"https:\/\/lenta-gym.com\/index.php\/o-nama\/","url":"https:\/\/lenta-gym.com\/index.php\/o-nama\/","name":"O nama - Lenta Gym","isPartOf":{"@id":"https:\/\/lenta-gym.com\/#website"},"datePublished":"2021-04-06T15:41:32+00:00","dateModified":"2021-06-19T11:38:38+00:00","breadcrumb":{"@id":"https:\/\/lenta-gym.com\/index.php\/o-nama\/#breadcrumb"},"inLanguage":"en-US","potentialAction":[{"@type":"ReadAction","target":["https:\/\/lenta-gym.com\/index.php\/o-nama\/"]}]},{"@type":"BreadcrumbList","@id":"https:\/\/lenta-gym.com\/index.php\/o-nama\/#breadcrumb","itemListElement":[{"@type":"ListItem","position":1,"name":"Home","item":"https:\/\/lenta-gym.com\/"},{"@type":"ListItem","position":2,"name":"O nama"}]},{"@type":"WebSite","@id":"https:\/\/lenta-gym.com\/#website","url":"https:\/\/lenta-gym.com\/","name":"Lenta Gym","description":"Fitness centar","publisher":{"@id":"https:\/\/lenta-gym.com\/#organization"},"potentialAction":[{"@type":"SearchAction","target":{"@type":"EntryPoint","urlTemplate":"https:\/\/lenta-gym.com\/?s={search_term_string}"},"query-input":"required name=search_term_string"}],"inLanguage":"en-US"},{"@type":"Organization","@id":"https:\/\/lenta-gym.com\/#organization","name":"Lenta Gym","url":"https:\/\/lenta-gym.com\/","logo":{"@type":"ImageObject","inLanguage":"en-US","@id":"https:\/\/lenta-gym.com\/#\/schema\/logo\/image\/","url":"https:\/\/lenta-gym.com\/wp-content\/uploads\/2021\/03\/cropped-logo-lenta-crta-1.png","contentUrl":"https:\/\/lenta-gym.com\/wp-content\/uploads\/2021\/03\/cropped-logo-lenta-crta-1.png","width":900,"height":258,"caption":"Lenta Gym"},"image":{"@id":"https:\/\/lenta-gym.com\/#\/schema\/logo\/image\/"}}]}},"_links":{"self":[{"href":"https:\/\/lenta-gym.com\/index.php\/wp-json\/wp\/v2\/pages\/249","targetHints":{"allow":["GET"]}}],"collection":[{"href":"https:\/\/lenta-gym.com\/index.php\/wp-json\/wp\/v2\/pages"}],"about":[{"href":"https:\/\/lenta-gym.com\/index.php\/wp-json\/wp\/v2\/types\/page"}],"author":[{"embeddable":true,"href":"https:\/\/lenta-gym.com\/index.php\/wp-json\/wp\/v2\/users\/1"}],"replies":[{"embeddable":true,"href":"https:\/\/lenta-gym.com\/index.php\/wp-json\/wp\/v2\/comments?post=249"}],"version-history":[{"count":79,"href":"https:\/\/lenta-gym.com\/index.php\/wp-json\/wp\/v2\/pages\/249\/revisions"}],"predecessor-version":[{"id":567,"href":"https:\/\/lenta-gym.com\/index.php\/wp-json\/wp\/v2\/pages\/249\/revisions\/567"}],"wp:attachment":[{"href":"https:\/\/lenta-gym.com\/index.php\/wp-json\/wp\/v2\/media?parent=249"}],"curies":[{"name":"wp","href":"https:\/\/api.w.org\/{rel}","templated":true}]}}