{"id":324,"date":"2021-04-09T09:35:18","date_gmt":"2021-04-09T09:35:18","guid":{"rendered":"http:\/\/lenta-gym.com\/?page_id=324"},"modified":"2021-09-06T06:37:14","modified_gmt":"2021-09-06T06:37:14","slug":"kontakt","status":"publish","type":"page","link":"https:\/\/lenta-gym.com\/index.php\/kontakt\/","title":{"rendered":"Kontakt"},"content":{"rendered":"\t\t<div data-elementor-type=\"wp-page\" data-elementor-id=\"324\" class=\"elementor elementor-324\" data-elementor-post-type=\"page\">\n\t\t\t\t\t\t<section class=\"elementor-section elementor-top-section elementor-element elementor-element-45e43453 elementor-section-content-middle elementor-section-height-min-height elementor-section-boxed elementor-section-height-default elementor-section-items-middle\" data-id=\"45e43453\" data-element_type=\"section\" data-settings=\"{&quot;background_background&quot;:&quot;classic&quot;,&quot;_ha_eqh_enable&quot;:false}\">\n\t\t\t\t\t\t\t<div class=\"elementor-background-overlay\"><\/div>\n\t\t\t\t\t\t\t<div class=\"elementor-container elementor-column-gap-default\">\n\t\t\t\t\t<div class=\"elementor-column elementor-col-100 elementor-top-column elementor-element elementor-element-5834b2f\" data-id=\"5834b2f\" data-element_type=\"column\">\n\t\t\t<div class=\"elementor-widget-wrap elementor-element-populated\">\n\t\t\t\t\t\t<div class=\"elementor-element elementor-element-574b462 elementor-widget elementor-widget-heading\" data-id=\"574b462\" data-element_type=\"widget\" data-widget_type=\"heading.default\">\n\t\t\t\t<div class=\"elementor-widget-container\">\n\t\t\t\t\t<h2 class=\"elementor-heading-title elementor-size-default\">LENTA GYM<\/h2>\t\t\t\t<\/div>\n\t\t\t\t<\/div>\n\t\t\t\t\t<\/div>\n\t\t<\/div>\n\t\t\t\t\t<\/div>\n\t\t<\/section>\n\t\t\t\t<section class=\"elementor-section elementor-top-section elementor-element elementor-element-ced12e7 elementor-section-boxed elementor-section-height-default elementor-section-height-default\" data-id=\"ced12e7\" data-element_type=\"section\" data-settings=\"{&quot;background_background&quot;:&quot;classic&quot;,&quot;_ha_eqh_enable&quot;:false}\">\n\t\t\t\t\t\t<div class=\"elementor-container elementor-column-gap-no\">\n\t\t\t\t\t<div class=\"elementor-column elementor-col-100 elementor-top-column elementor-element elementor-element-2c91e402\" data-id=\"2c91e402\" data-element_type=\"column\">\n\t\t\t<div class=\"elementor-widget-wrap elementor-element-populated\">\n\t\t\t\t\t\t<div class=\"elementor-element elementor-element-74f7ad65 elementor-widget elementor-widget-heading\" data-id=\"74f7ad65\" data-element_type=\"widget\" data-widget_type=\"heading.default\">\n\t\t\t\t<div class=\"elementor-widget-container\">\n\t\t\t\t\t<h2 class=\"elementor-heading-title elementor-size-default\">Kontaktiraj nas<\/h2>\t\t\t\t<\/div>\n\t\t\t\t<\/div>\n\t\t\t\t<div class=\"elementor-element elementor-element-29739c30 elementor-widget elementor-widget-heading\" data-id=\"29739c30\" data-element_type=\"widget\" data-widget_type=\"heading.default\">\n\t\t\t\t<div class=\"elementor-widget-container\">\n\t\t\t\t\t<h2 class=\"elementor-heading-title elementor-size-default\">po\u0161alji nam upit<\/h2>\t\t\t\t<\/div>\n\t\t\t\t<\/div>\n\t\t\t\t<section class=\"elementor-section elementor-inner-section elementor-element elementor-element-4d8e6a04 elementor-section-boxed elementor-section-height-default elementor-section-height-default\" data-id=\"4d8e6a04\" data-element_type=\"section\" data-settings=\"{&quot;_ha_eqh_enable&quot;:false}\">\n\t\t\t\t\t\t<div class=\"elementor-container elementor-column-gap-no\">\n\t\t\t\t\t<div class=\"elementor-column elementor-col-50 elementor-inner-column elementor-element elementor-element-3e561a98\" data-id=\"3e561a98\" data-element_type=\"column\">\n\t\t\t<div class=\"elementor-widget-wrap\">\n\t\t\t\t\t\t\t<\/div>\n\t\t<\/div>\n\t\t\t\t<div class=\"elementor-column elementor-col-50 elementor-inner-column elementor-element elementor-element-15e2d35b\" data-id=\"15e2d35b\" data-element_type=\"column\">\n\t\t\t<div class=\"elementor-widget-wrap elementor-element-populated\">\n\t\t\t\t\t\t<div class=\"elementor-element elementor-element-22190ec0 elementor-widget elementor-widget-google_maps\" data-id=\"22190ec0\" data-element_type=\"widget\" data-widget_type=\"google_maps.default\">\n\t\t\t\t<div class=\"elementor-widget-container\">\n\t\t\t\t\t\t\t<div class=\"elementor-custom-embed\">\n\t\t\t<iframe loading=\"lazy\"\n\t\t\t\t\tsrc=\"https:\/\/maps.google.com\/maps?q=Velika%20kopanica&#038;t=m&#038;z=15&#038;output=embed&#038;iwloc=near\"\n\t\t\t\t\ttitle=\"Velika kopanica\"\n\t\t\t\t\taria-label=\"Velika kopanica\"\n\t\t\t><\/iframe>\n\t\t<\/div>\n\t\t\t\t\t\t<\/div>\n\t\t\t\t<\/div>\n\t\t\t\t\t<\/div>\n\t\t<\/div>\n\t\t\t\t\t<\/div>\n\t\t<\/section>\n\t\t\t\t\t<\/div>\n\t\t<\/div>\n\t\t\t\t\t<\/div>\n\t\t<\/section>\n\t\t\t\t<\/div>\n\t\t","protected":false},"excerpt":{"rendered":"<p>LENTA GYM KONTAKT Kontaktiraj nas po\u0161alji nam upit Va\u0161e ime Va\u0161 email Naslov Va\u0161a poruka<\/p>\n","protected":false},"author":1,"featured_media":0,"parent":0,"menu_order":0,"comment_status":"closed","ping_status":"closed","template":"","meta":{"footnotes":""},"class_list":["post-324","page","type-page","status-publish","hentry"],"yoast_head":"<!-- This site is optimized with the Yoast SEO plugin v21.2 - https:\/\/yoast.com\/wordpress\/plugins\/seo\/ -->\n<title>Kontakt - Lenta Gym<\/title>\n<meta name=\"robots\" content=\"index, follow, max-snippet:-1, max-image-preview:large, max-video-preview:-1\" \/>\n<link rel=\"canonical\" href=\"https:\/\/lenta-gym.com\/index.php\/kontakt\/\" \/>\n<meta property=\"og:locale\" content=\"en_US\" \/>\n<meta property=\"og:type\" content=\"article\" \/>\n<meta property=\"og:title\" content=\"Kontakt - Lenta Gym\" \/>\n<meta property=\"og:description\" content=\"LENTA GYM KONTAKT Kontaktiraj nas po\u0161alji nam upit Va\u0161e ime Va\u0161 email Naslov Va\u0161a poruka\" \/>\n<meta property=\"og:url\" content=\"https:\/\/lenta-gym.com\/index.php\/kontakt\/\" \/>\n<meta property=\"og:site_name\" content=\"Lenta Gym\" \/>\n<meta property=\"article:modified_time\" content=\"2021-09-06T06:37:14+00:00\" \/>\n<meta name=\"twitter:card\" content=\"summary_large_image\" \/>\n<meta name=\"twitter:label1\" content=\"Est. reading time\" \/>\n\t<meta name=\"twitter:data1\" content=\"1 minute\" \/>\n<script type=\"application\/ld+json\" class=\"yoast-schema-graph\">{\"@context\":\"https:\/\/schema.org\",\"@graph\":[{\"@type\":\"WebPage\",\"@id\":\"https:\/\/lenta-gym.com\/index.php\/kontakt\/\",\"url\":\"https:\/\/lenta-gym.com\/index.php\/kontakt\/\",\"name\":\"Kontakt - Lenta Gym\",\"isPartOf\":{\"@id\":\"https:\/\/lenta-gym.com\/#website\"},\"datePublished\":\"2021-04-09T09:35:18+00:00\",\"dateModified\":\"2021-09-06T06:37:14+00:00\",\"breadcrumb\":{\"@id\":\"https:\/\/lenta-gym.com\/index.php\/kontakt\/#breadcrumb\"},\"inLanguage\":\"en-US\",\"potentialAction\":[{\"@type\":\"ReadAction\",\"target\":[\"https:\/\/lenta-gym.com\/index.php\/kontakt\/\"]}]},{\"@type\":\"BreadcrumbList\",\"@id\":\"https:\/\/lenta-gym.com\/index.php\/kontakt\/#breadcrumb\",\"itemListElement\":[{\"@type\":\"ListItem\",\"position\":1,\"name\":\"Home\",\"item\":\"https:\/\/lenta-gym.com\/\"},{\"@type\":\"ListItem\",\"position\":2,\"name\":\"Kontakt\"}]},{\"@type\":\"WebSite\",\"@id\":\"https:\/\/lenta-gym.com\/#website\",\"url\":\"https:\/\/lenta-gym.com\/\",\"name\":\"Lenta Gym\",\"description\":\"Fitness centar\",\"publisher\":{\"@id\":\"https:\/\/lenta-gym.com\/#organization\"},\"potentialAction\":[{\"@type\":\"SearchAction\",\"target\":{\"@type\":\"EntryPoint\",\"urlTemplate\":\"https:\/\/lenta-gym.com\/?s={search_term_string}\"},\"query-input\":\"required name=search_term_string\"}],\"inLanguage\":\"en-US\"},{\"@type\":\"Organization\",\"@id\":\"https:\/\/lenta-gym.com\/#organization\",\"name\":\"Lenta Gym\",\"url\":\"https:\/\/lenta-gym.com\/\",\"logo\":{\"@type\":\"ImageObject\",\"inLanguage\":\"en-US\",\"@id\":\"https:\/\/lenta-gym.com\/#\/schema\/logo\/image\/\",\"url\":\"https:\/\/lenta-gym.com\/wp-content\/uploads\/2021\/03\/cropped-logo-lenta-crta-1.png\",\"contentUrl\":\"https:\/\/lenta-gym.com\/wp-content\/uploads\/2021\/03\/cropped-logo-lenta-crta-1.png\",\"width\":900,\"height\":258,\"caption\":\"Lenta Gym\"},\"image\":{\"@id\":\"https:\/\/lenta-gym.com\/#\/schema\/logo\/image\/\"}}]}<\/script>\n<!-- \/ Yoast SEO plugin. -->","yoast_head_json":{"title":"Kontakt - Lenta Gym","robots":{"index":"index","follow":"follow","max-snippet":"max-snippet:-1","max-image-preview":"max-image-preview:large","max-video-preview":"max-video-preview:-1"},"canonical":"https:\/\/lenta-gym.com\/index.php\/kontakt\/","og_locale":"en_US","og_type":"article","og_title":"Kontakt - Lenta Gym","og_description":"LENTA GYM KONTAKT Kontaktiraj nas po\u0161alji nam upit Va\u0161e ime Va\u0161 email Naslov Va\u0161a poruka","og_url":"https:\/\/lenta-gym.com\/index.php\/kontakt\/","og_site_name":"Lenta Gym","article_modified_time":"2021-09-06T06:37:14+00:00","twitter_card":"summary_large_image","twitter_misc":{"Est. reading time":"1 minute"},"schema":{"@context":"https:\/\/schema.org","@graph":[{"@type":"WebPage","@id":"https:\/\/lenta-gym.com\/index.php\/kontakt\/","url":"https:\/\/lenta-gym.com\/index.php\/kontakt\/","name":"Kontakt - Lenta Gym","isPartOf":{"@id":"https:\/\/lenta-gym.com\/#website"},"datePublished":"2021-04-09T09:35:18+00:00","dateModified":"2021-09-06T06:37:14+00:00","breadcrumb":{"@id":"https:\/\/lenta-gym.com\/index.php\/kontakt\/#breadcrumb"},"inLanguage":"en-US","potentialAction":[{"@type":"ReadAction","target":["https:\/\/lenta-gym.com\/index.php\/kontakt\/"]}]},{"@type":"BreadcrumbList","@id":"https:\/\/lenta-gym.com\/index.php\/kontakt\/#breadcrumb","itemListElement":[{"@type":"ListItem","position":1,"name":"Home","item":"https:\/\/lenta-gym.com\/"},{"@type":"ListItem","position":2,"name":"Kontakt"}]},{"@type":"WebSite","@id":"https:\/\/lenta-gym.com\/#website","url":"https:\/\/lenta-gym.com\/","name":"Lenta Gym","description":"Fitness centar","publisher":{"@id":"https:\/\/lenta-gym.com\/#organization"},"potentialAction":[{"@type":"SearchAction","target":{"@type":"EntryPoint","urlTemplate":"https:\/\/lenta-gym.com\/?s={search_term_string}"},"query-input":"required name=search_term_string"}],"inLanguage":"en-US"},{"@type":"Organization","@id":"https:\/\/lenta-gym.com\/#organization","name":"Lenta Gym","url":"https:\/\/lenta-gym.com\/","logo":{"@type":"ImageObject","inLanguage":"en-US","@id":"https:\/\/lenta-gym.com\/#\/schema\/logo\/image\/","url":"https:\/\/lenta-gym.com\/wp-content\/uploads\/2021\/03\/cropped-logo-lenta-crta-1.png","contentUrl":"https:\/\/lenta-gym.com\/wp-content\/uploads\/2021\/03\/cropped-logo-lenta-crta-1.png","width":900,"height":258,"caption":"Lenta Gym"},"image":{"@id":"https:\/\/lenta-gym.com\/#\/schema\/logo\/image\/"}}]}},"_links":{"self":[{"href":"https:\/\/lenta-gym.com\/index.php\/wp-json\/wp\/v2\/pages\/324","targetHints":{"allow":["GET"]}}],"collection":[{"href":"https:\/\/lenta-gym.com\/index.php\/wp-json\/wp\/v2\/pages"}],"about":[{"href":"https:\/\/lenta-gym.com\/index.php\/wp-json\/wp\/v2\/types\/page"}],"author":[{"embeddable":true,"href":"https:\/\/lenta-gym.com\/index.php\/wp-json\/wp\/v2\/users\/1"}],"replies":[{"embeddable":true,"href":"https:\/\/lenta-gym.com\/index.php\/wp-json\/wp\/v2\/comments?post=324"}],"version-history":[{"count":40,"href":"https:\/\/lenta-gym.com\/index.php\/wp-json\/wp\/v2\/pages\/324\/revisions"}],"predecessor-version":[{"id":638,"href":"https:\/\/lenta-gym.com\/index.php\/wp-json\/wp\/v2\/pages\/324\/revisions\/638"}],"wp:attachment":[{"href":"https:\/\/lenta-gym.com\/index.php\/wp-json\/wp\/v2\/media?parent=324"}],"curies":[{"name":"wp","href":"https:\/\/api.w.org\/{rel}","templated":true}]}}